{"id":4523,"date":"2023-06-26T14:53:31","date_gmt":"2023-06-26T14:53:31","guid":{"rendered":"https:\/\/ricardodecastro.com\/?page_id=4523"},"modified":"2025-03-13T19:41:14","modified_gmt":"2025-03-13T19:41:14","slug":"what-we-do","status":"publish","type":"page","link":"https:\/\/ricardodecastro.com\/esp\/what-we-do\/","title":{"rendered":"Qu\u00e9 hacemos"},"content":{"rendered":"<div data-elementor-type=\"wp-page\" data-elementor-id=\"4523\" class=\"elementor elementor-4523\" data-elementor-post-type=\"page\">\n\t\t\t\t\t\t<section class=\"elementor-section elementor-top-section elementor-element elementor-element-0b395fe elementor-section-full_width elementor-section-height-default elementor-section-height-default\" data-id=\"0b395fe\" data-element_type=\"section\" data-e-type=\"section\">\n\t\t\t\t\t\t<div class=\"elementor-container elementor-column-gap-default\">\n\t\t\t\t\t<div class=\"elementor-column elementor-col-100 elementor-top-column elementor-element elementor-element-0fcd950\" data-id=\"0fcd950\" data-element_type=\"column\" data-e-type=\"column\" data-settings=\"{&quot;background_background&quot;:&quot;classic&quot;}\">\n\t\t\t<div class=\"elementor-widget-wrap elementor-element-populated\">\n\t\t\t\t<div class=\"elementor-element elementor-element-d1ce55d e-con-full e-flex e-con e-parent\" data-id=\"d1ce55d\" data-element_type=\"container\" data-e-type=\"container\">\n\t\t\t\t<div class=\"elementor-element elementor-element-064cb99 elementor-widget__width-initial elementor-widget-mobile__width-initial elementor-widget elementor-widget-heading\" data-id=\"064cb99\" data-element_type=\"widget\" data-e-type=\"widget\" data-widget_type=\"heading.default\">\n\t\t\t\t<div class=\"elementor-widget-container\">\n\t\t\t\t\t<h1 class=\"elementor-heading-title elementor-size-default\">QU\u00c9 HACEMOS<\/h1>\t\t\t\t<\/div>\n\t\t\t\t<\/div>\n\t\t\t\t<\/div>\n\t\t\t\t\t<\/div>\n\t\t<\/div>\n\t\t\t\t\t<\/div>\n\t\t<\/section>\n\t\t\t\t<section class=\"elementor-section elementor-top-section elementor-element elementor-element-001fd9a elementor-section-boxed elementor-section-height-default elementor-section-height-default\" data-id=\"001fd9a\" data-element_type=\"section\" data-e-type=\"section\">\n\t\t\t\t\t\t<div class=\"elementor-container elementor-column-gap-default\">\n\t\t\t\t\t<div class=\"elementor-column elementor-col-100 elementor-top-column elementor-element elementor-element-086f1d4\" data-id=\"086f1d4\" data-element_type=\"column\" data-e-type=\"column\" data-settings=\"{&quot;background_background&quot;:&quot;classic&quot;}\">\n\t\t\t<div class=\"elementor-widget-wrap elementor-element-populated\">\n\t\t\t\t\t\t<div class=\"elementor-element elementor-element-5f5a74a elementor-widget elementor-widget-heading\" data-id=\"5f5a74a\" data-element_type=\"widget\" data-e-type=\"widget\" data-widget_type=\"heading.default\">\n\t\t\t\t<div class=\"elementor-widget-container\">\n\t\t\t\t\t<h2 class=\"elementor-heading-title elementor-size-default\">CONTRATISTA GUBERNAMENTAL<\/h2>\t\t\t\t<\/div>\n\t\t\t\t<\/div>\n\t\t\t\t<div class=\"elementor-element elementor-element-a07366c elementor-widget__width-initial elementor-widget elementor-widget-text-editor\" data-id=\"a07366c\" data-element_type=\"widget\" data-e-type=\"widget\" data-widget_type=\"text-editor.default\">\n\t\t\t\t<div class=\"elementor-widget-container\">\n\t\t\t\t\t\t\t\t\t<p>Ricardo De Castro LLC es un socio de confianza para las agencias gubernamentales estatales y locales, proporcionando servicios esenciales en obras p\u00fablicas, desarrollo de infraestructuras y recuperaci\u00f3n de desastres. Nos especializamos en la construcci\u00f3n de instalaciones municipales, demolici\u00f3n y remediaci\u00f3n ambiental, garantizando el cumplimiento de todas las normas reglamentarias.<\/p><p>Nuestra experiencia en contrataci\u00f3n p\u00fablica nos permite ofrecer soluciones rentables y de alta calidad para proyectos del sector p\u00fablico, cumpliendo\u00a0\u00a0plazos\u00a0estrictos\u00a0y par\u00e1metros de rendimiento. Tanto si se trata de proyectos de infraestructuras a gran escala como de servicios de respuesta a emergencias o restauraci\u00f3n de emplazamientos, aportamos la misma dedicaci\u00f3n y\u00a0trabajo a mano\u00a0que definen todo nuestro trabajo.<\/p>\t\t\t\t\t\t\t\t<\/div>\n\t\t\t\t<\/div>\n\t\t\t\t\t<\/div>\n\t\t<\/div>\n\t\t\t\t\t<\/div>\n\t\t<\/section>\n\t\t\t\t<section class=\"elementor-section elementor-top-section elementor-element elementor-element-0cfd243 elementor-section-boxed elementor-section-height-default elementor-section-height-default\" data-id=\"0cfd243\" data-element_type=\"section\" data-e-type=\"section\">\n\t\t\t\t\t\t<div class=\"elementor-container elementor-column-gap-default\">\n\t\t\t\t\t<div class=\"elementor-column elementor-col-100 elementor-top-column elementor-element elementor-element-60f4003\" data-id=\"60f4003\" data-element_type=\"column\" data-e-type=\"column\" data-settings=\"{&quot;background_background&quot;:&quot;classic&quot;}\">\n\t\t\t<div class=\"elementor-widget-wrap elementor-element-populated\">\n\t\t\t\t\t\t<div class=\"elementor-element elementor-element-9548a3f elementor-widget elementor-widget-heading\" data-id=\"9548a3f\" data-element_type=\"widget\" data-e-type=\"widget\" data-widget_type=\"heading.default\">\n\t\t\t\t<div class=\"elementor-widget-container\">\n\t\t\t\t\t<h2 class=\"elementor-heading-title elementor-size-default\">INVERSIONISTA-DESARROLLADOR<\/h2>\t\t\t\t<\/div>\n\t\t\t\t<\/div>\n\t\t\t\t<div class=\"elementor-element elementor-element-872320e elementor-widget__width-initial elementor-widget elementor-widget-text-editor\" data-id=\"872320e\" data-element_type=\"widget\" data-e-type=\"widget\" data-widget_type=\"text-editor.default\">\n\t\t\t\t<div class=\"elementor-widget-container\">\n\t\t\t\t\t\t\t\t\t<p>Como inversionista-desarrollador, colaboramos con inversores tanto de Estados Unidos como extranjeros para desarrollar proyectos principalmente en Florida. Nuestra firma cuenta con un equipo de profesionales inmobiliarios expertos que poseen una s\u00f3lida trayectoria en desarrollo. Nos encargamos de todo el proceso, desde el dise\u00f1o hasta la construcci\u00f3n, asegurando una experiencia sin problemas para nuestros clientes.<\/p><p>Nuestro equipo incluye arquitectos y dise\u00f1adores con experiencia que elaboran meticulosamente los planes para nuestros proyectos. Adem\u00e1s, contamos con un equipo de construcci\u00f3n dedicado que est\u00e1 compuesto por contratistas generales altamente capacitados que dan vida a nuestros proyectos. Este enfoque integrado nos permite mantener el control sobre cada aspecto del proceso de desarrollo, lo que resulta en una exitosa entrega de proyectos.<br><br \/>Estamos especializados en ayudar a nuestros clientes a adquirir terrenos para sus nuevos proyectos de construcci\u00f3n. Nuestro dedicado equipo se compromete a dise\u00f1ar meticulosamente su proyecto, adaptado a sus preferencias y especificaciones \u00fanicas.<\/p>\t\t\t\t\t\t\t\t<\/div>\n\t\t\t\t<\/div>\n\t\t\t\t\t<\/div>\n\t\t<\/div>\n\t\t\t\t\t<\/div>\n\t\t<\/section>\n\t\t\t\t<section class=\"elementor-section elementor-top-section elementor-element elementor-element-54ccf74 elementor-section-boxed elementor-section-height-default elementor-section-height-default\" data-id=\"54ccf74\" data-element_type=\"section\" data-e-type=\"section\">\n\t\t\t\t\t\t<div class=\"elementor-container elementor-column-gap-default\">\n\t\t\t\t\t<div class=\"elementor-column elementor-col-100 elementor-top-column elementor-element elementor-element-122febd\" data-id=\"122febd\" data-element_type=\"column\" data-e-type=\"column\" data-settings=\"{&quot;background_background&quot;:&quot;classic&quot;}\">\n\t\t\t<div class=\"elementor-widget-wrap elementor-element-populated\">\n\t\t\t\t\t\t<div class=\"elementor-element elementor-element-f9ec7b7 elementor-widget elementor-widget-heading\" data-id=\"f9ec7b7\" data-element_type=\"widget\" data-e-type=\"widget\" data-widget_type=\"heading.default\">\n\t\t\t\t<div class=\"elementor-widget-container\">\n\t\t\t\t\t<h2 class=\"elementor-heading-title elementor-size-default\">REPRESENTANTE DEL PROPIETARIO<\/h2>\t\t\t\t<\/div>\n\t\t\t\t<\/div>\n\t\t\t\t<div class=\"elementor-element elementor-element-c0beb25 elementor-widget__width-initial elementor-widget elementor-widget-text-editor\" data-id=\"c0beb25\" data-element_type=\"widget\" data-e-type=\"widget\" data-widget_type=\"text-editor.default\">\n\t\t\t\t<div class=\"elementor-widget-container\">\n\t\t\t\t\t\t\t\t\t<p class=\"translation-block\">Nos especializamos en ayudar a nuestros clientes a adquirir terrenos para sus nuevos proyectos de construcci\u00f3n. Nuestro equipo dedicado se compromete a dise\u00f1ar meticulosamente su proyecto, adapt\u00e1ndolo a sus preferencias y especificaciones. Adem\u00e1s, nos encargamos de la gesti\u00f3n del proceso de construcci\u00f3n de su proyecto de principio a fin. Nuestros profesionales con amplia experiencia garantizan la minuciosidad de cada detalle, manteniendo los m\u00e1s altos est\u00e1ndares de calidad y artesan\u00eda.<\/p><p>Adem\u00e1s, nos encargamos de gestionar el proceso de construcci\u00f3n de su proyecto de principio a fin. Nuestros experimentados profesionales se aseguran de que cada detalle se ejecute cuidadosamente, manteniendo los m\u00e1s altos est\u00e1ndares de calidad\u00a0.<br><br>\n\nTanto si imagina un nuevo edificio como si tiene otras aspiraciones de desarrollo, estamos aqu\u00ed para guiarle en cada paso del camino. Nuestro objetivo es ofrecer un resultado excepcional que supere sus expectativas y cumpla su visi\u00f3n.<\/p>\t\t\t\t\t\t\t\t<\/div>\n\t\t\t\t<\/div>\n\t\t\t\t<div class=\"elementor-element elementor-element-dc91f26 elementor-widget elementor-widget-spacer\" data-id=\"dc91f26\" data-element_type=\"widget\" data-e-type=\"widget\" data-widget_type=\"spacer.default\">\n\t\t\t\t<div class=\"elementor-widget-container\">\n\t\t\t\t\t\t\t<div class=\"elementor-spacer\">\n\t\t\t<div class=\"elementor-spacer-inner\"><\/div>\n\t\t<\/div>\n\t\t\t\t\t\t<\/div>\n\t\t\t\t<\/div>\n\t\t\t\t\t<\/div>\n\t\t<\/div>\n\t\t\t\t\t<\/div>\n\t\t<\/section>\n\t\t\t\t<\/div>","protected":false},"excerpt":{"rendered":"<p>WHAT WE DO GOVERNMENT CONTRACTOR Ricardo De Castro LLC is a trusted partner for federal, state, and local government agencies, providing essential services in public works, infrastructure development, and disaster recovery. We specialize in municipal facility construction, demolition, and environmental remediation, ensuring compliance with all regulatory standards. Our expertise in government contracting enables us to &#8230; <a title=\"Qu\u00e9 hacemos\" class=\"read-more\" href=\"https:\/\/ricardodecastro.com\/esp\/what-we-do\/\" aria-label=\"Leer m\u00e1s sobre What we do\">Leer m\u00e1s<\/a><\/p>","protected":false},"author":1,"featured_media":0,"parent":0,"menu_order":0,"comment_status":"closed","ping_status":"closed","template":"elementor_header_footer","meta":{"_acf_changed":false,"footnotes":""},"class_list":["post-4523","page","type-page","status-publish"],"acf":[],"yoast_head":"<!-- This site is optimized with the Yoast SEO plugin v27.1.1 - https:\/\/yoast.com\/product\/yoast-seo-wordpress\/ -->\n<title>What we do - Ricardo de Castro<\/title>\n<meta name=\"robots\" content=\"index, follow, max-snippet:-1, max-image-preview:large, max-video-preview:-1\" \/>\n<link rel=\"canonical\" href=\"https:\/\/ricardodecastro.com\/esp\/what-we-do\/\" \/>\n<meta property=\"og:locale\" content=\"es_ES\" \/>\n<meta property=\"og:type\" content=\"article\" \/>\n<meta property=\"og:title\" content=\"What we do - Ricardo de Castro\" \/>\n<meta property=\"og:description\" content=\"WHAT WE DO GOVERNMENT CONTRACTOR Ricardo De Castro LLC is a trusted partner for federal, state, and local government agencies, providing essential services in public works, infrastructure development, and disaster recovery. We specialize in municipal facility construction, demolition, and environmental remediation, ensuring compliance with all regulatory standards. Our expertise in government contracting enables us to ... Leer m\u00e1s\" \/>\n<meta property=\"og:url\" content=\"https:\/\/ricardodecastro.com\/esp\/what-we-do\/\" \/>\n<meta property=\"og:site_name\" content=\"Ricardo de Castro\" \/>\n<meta property=\"article:publisher\" content=\"https:\/\/www.facebook.com\/Ricardo-De-Castro-Arquitectura-Interiores-501964786482241\/\" \/>\n<meta property=\"article:modified_time\" content=\"2025-03-13T19:41:14+00:00\" \/>\n<meta name=\"twitter:card\" content=\"summary_large_image\" \/>\n<meta name=\"twitter:label1\" content=\"Tiempo de lectura\" \/>\n\t<meta name=\"twitter:data1\" content=\"2 minutos\" \/>\n<script type=\"application\/ld+json\" class=\"yoast-schema-graph\">{\"@context\":\"https:\/\/schema.org\",\"@graph\":[{\"@type\":\"WebPage\",\"@id\":\"https:\/\/ricardodecastro.com\/what-we-do\/\",\"url\":\"https:\/\/ricardodecastro.com\/what-we-do\/\",\"name\":\"What we do - Ricardo de Castro\",\"isPartOf\":{\"@id\":\"https:\/\/ricardodecastro.com\/#website\"},\"datePublished\":\"2023-06-26T14:53:31+00:00\",\"dateModified\":\"2025-03-13T19:41:14+00:00\",\"breadcrumb\":{\"@id\":\"https:\/\/ricardodecastro.com\/what-we-do\/#breadcrumb\"},\"inLanguage\":\"es\",\"potentialAction\":[{\"@type\":\"ReadAction\",\"target\":[\"https:\/\/ricardodecastro.com\/what-we-do\/\"]}]},{\"@type\":\"BreadcrumbList\",\"@id\":\"https:\/\/ricardodecastro.com\/what-we-do\/#breadcrumb\",\"itemListElement\":[{\"@type\":\"ListItem\",\"position\":1,\"name\":\"Home\",\"item\":\"https:\/\/ricardodecastro.com\/\"},{\"@type\":\"ListItem\",\"position\":2,\"name\":\"What we do\"}]},{\"@type\":\"WebSite\",\"@id\":\"https:\/\/ricardodecastro.com\/#website\",\"url\":\"https:\/\/ricardodecastro.com\/\",\"name\":\"Ricardo de Castro\",\"description\":\"Arquitectos\",\"publisher\":{\"@id\":\"https:\/\/ricardodecastro.com\/#organization\"},\"potentialAction\":[{\"@type\":\"SearchAction\",\"target\":{\"@type\":\"EntryPoint\",\"urlTemplate\":\"https:\/\/ricardodecastro.com\/?s={search_term_string}\"},\"query-input\":{\"@type\":\"PropertyValueSpecification\",\"valueRequired\":true,\"valueName\":\"search_term_string\"}}],\"inLanguage\":\"es\"},{\"@type\":\"Organization\",\"@id\":\"https:\/\/ricardodecastro.com\/#organization\",\"name\":\"Ricardo de Castro\",\"url\":\"https:\/\/ricardodecastro.com\/\",\"logo\":{\"@type\":\"ImageObject\",\"inLanguage\":\"es\",\"@id\":\"https:\/\/ricardodecastro.com\/#\/schema\/logo\/image\/\",\"url\":\"https:\/\/ricardodecastro.com\/wp-content\/uploads\/2021\/01\/firma-con-textos-abajo.png\",\"contentUrl\":\"https:\/\/ricardodecastro.com\/wp-content\/uploads\/2021\/01\/firma-con-textos-abajo.png\",\"width\":758,\"height\":133,\"caption\":\"Ricardo de Castro\"},\"image\":{\"@id\":\"https:\/\/ricardodecastro.com\/#\/schema\/logo\/image\/\"},\"sameAs\":[\"https:\/\/www.facebook.com\/Ricardo-De-Castro-Arquitectura-Interiores-501964786482241\/\",\"https:\/\/www.instagram.com\/decastroricardo\/\"]}]}<\/script>\n<!-- \/ Yoast SEO plugin. -->","yoast_head_json":{"title":"What we do - Ricardo de Castro","robots":{"index":"index","follow":"follow","max-snippet":"max-snippet:-1","max-image-preview":"max-image-preview:large","max-video-preview":"max-video-preview:-1"},"canonical":"https:\/\/ricardodecastro.com\/esp\/what-we-do\/","og_locale":"es_ES","og_type":"article","og_title":"What we do - Ricardo de Castro","og_description":"WHAT WE DO GOVERNMENT CONTRACTOR Ricardo De Castro LLC is a trusted partner for federal, state, and local government agencies, providing essential services in public works, infrastructure development, and disaster recovery. We specialize in municipal facility construction, demolition, and environmental remediation, ensuring compliance with all regulatory standards. Our expertise in government contracting enables us to ... Leer m\u00e1s","og_url":"https:\/\/ricardodecastro.com\/esp\/what-we-do\/","og_site_name":"Ricardo de Castro","article_publisher":"https:\/\/www.facebook.com\/Ricardo-De-Castro-Arquitectura-Interiores-501964786482241\/","article_modified_time":"2025-03-13T19:41:14+00:00","twitter_card":"summary_large_image","twitter_misc":{"Tiempo de lectura":"2 minutos"},"schema":{"@context":"https:\/\/schema.org","@graph":[{"@type":"WebPage","@id":"https:\/\/ricardodecastro.com\/what-we-do\/","url":"https:\/\/ricardodecastro.com\/what-we-do\/","name":"What we do - Ricardo de Castro","isPartOf":{"@id":"https:\/\/ricardodecastro.com\/#website"},"datePublished":"2023-06-26T14:53:31+00:00","dateModified":"2025-03-13T19:41:14+00:00","breadcrumb":{"@id":"https:\/\/ricardodecastro.com\/what-we-do\/#breadcrumb"},"inLanguage":"es","potentialAction":[{"@type":"ReadAction","target":["https:\/\/ricardodecastro.com\/what-we-do\/"]}]},{"@type":"BreadcrumbList","@id":"https:\/\/ricardodecastro.com\/what-we-do\/#breadcrumb","itemListElement":[{"@type":"ListItem","position":1,"name":"Home","item":"https:\/\/ricardodecastro.com\/"},{"@type":"ListItem","position":2,"name":"What we do"}]},{"@type":"WebSite","@id":"https:\/\/ricardodecastro.com\/#website","url":"https:\/\/ricardodecastro.com\/","name":"Ricardo de Castro","description":"Arquitectos","publisher":{"@id":"https:\/\/ricardodecastro.com\/#organization"},"potentialAction":[{"@type":"SearchAction","target":{"@type":"EntryPoint","urlTemplate":"https:\/\/ricardodecastro.com\/?s={search_term_string}"},"query-input":{"@type":"PropertyValueSpecification","valueRequired":true,"valueName":"search_term_string"}}],"inLanguage":"es"},{"@type":"Organization","@id":"https:\/\/ricardodecastro.com\/#organization","name":"Ricardo de Castro","url":"https:\/\/ricardodecastro.com\/","logo":{"@type":"ImageObject","inLanguage":"es","@id":"https:\/\/ricardodecastro.com\/#\/schema\/logo\/image\/","url":"https:\/\/ricardodecastro.com\/wp-content\/uploads\/2021\/01\/firma-con-textos-abajo.png","contentUrl":"https:\/\/ricardodecastro.com\/wp-content\/uploads\/2021\/01\/firma-con-textos-abajo.png","width":758,"height":133,"caption":"Ricardo de Castro"},"image":{"@id":"https:\/\/ricardodecastro.com\/#\/schema\/logo\/image\/"},"sameAs":["https:\/\/www.facebook.com\/Ricardo-De-Castro-Arquitectura-Interiores-501964786482241\/","https:\/\/www.instagram.com\/decastroricardo\/"]}]}},"_links":{"self":[{"href":"https:\/\/ricardodecastro.com\/esp\/wp-json\/wp\/v2\/pages\/4523","targetHints":{"allow":["GET"]}}],"collection":[{"href":"https:\/\/ricardodecastro.com\/esp\/wp-json\/wp\/v2\/pages"}],"about":[{"href":"https:\/\/ricardodecastro.com\/esp\/wp-json\/wp\/v2\/types\/page"}],"author":[{"embeddable":true,"href":"https:\/\/ricardodecastro.com\/esp\/wp-json\/wp\/v2\/users\/1"}],"replies":[{"embeddable":true,"href":"https:\/\/ricardodecastro.com\/esp\/wp-json\/wp\/v2\/comments?post=4523"}],"version-history":[{"count":31,"href":"https:\/\/ricardodecastro.com\/esp\/wp-json\/wp\/v2\/pages\/4523\/revisions"}],"predecessor-version":[{"id":5742,"href":"https:\/\/ricardodecastro.com\/esp\/wp-json\/wp\/v2\/pages\/4523\/revisions\/5742"}],"wp:attachment":[{"href":"https:\/\/ricardodecastro.com\/esp\/wp-json\/wp\/v2\/media?parent=4523"}],"curies":[{"name":"wp","href":"https:\/\/api.w.org\/{rel}","templated":true}]}}